{"id":59,"date":"2020-11-03T09:15:05","date_gmt":"2020-11-03T08:15:05","guid":{"rendered":"https:\/\/toyotaklub.duckdns.org\/?page_id=59"},"modified":"2025-01-09T16:06:27","modified_gmt":"2025-01-09T15:06:27","slug":"dily-na-auta","status":"publish","type":"page","link":"https:\/\/toyotaklub.duckdns.org\/index.php\/dily-na-auta\/","title":{"rendered":"D\u00edly na auta \/ Slevy"},"content":{"rendered":"<h5>V t\u00e9to sekci najdete doporu\u010den\u00ed na weby, kter\u00e9 pom\u00e1haj\u00ed Toyota klubu \u010cR<\/h5>\n<h4>Na\u0161i partne\u0159i<\/h4>\n<h5>Pro spolupr\u00e1ci n\u00e1s kontaktujte: toyotaklubcz@gmail.com<\/h5>\n<figure>\n\t\t\t\t\t\t\t\t\t\t\t<a href=\"https:\/\/online.pojisteni.cz\/vozidla\/srovnani?ap=142260\"><br \/>\n\t\t\t\t\t\t\t<img loading=\"lazy\" decoding=\"async\" width=\"245\" height=\"39\" src=\"https:\/\/toyotaklub.duckdns.org\/wp-content\/uploads\/2020\/11\/logo-pojisteni-cz.png\" alt=\"\" loading=\"lazy\" \/>\t\t\t\t\t\t\t\t<\/a><figcaption>Levn\u011bj\u0161\u00ed povinn\u00e9 ru\u010den\u00ed a havarijn\u00ed poji\u0161t\u011bn\u00ed<\/figcaption><\/figure>\n<figure>\n\t\t\t\t\t\t\t\t\t\t<img loading=\"lazy\" decoding=\"async\" width=\"960\" height=\"540\" src=\"https:\/\/toyotaklub.duckdns.org\/wp-content\/uploads\/2020\/10\/toyota-first-logo-1024x576.jpg\" alt=\"\" loading=\"lazy\" srcset=\"https:\/\/toyotaklub.duckdns.org\/wp-content\/uploads\/2020\/10\/toyota-first-logo-1024x576.jpg 1024w, https:\/\/toyotaklub.duckdns.org\/wp-content\/uploads\/2020\/10\/toyota-first-logo-300x169.jpg 300w, https:\/\/toyotaklub.duckdns.org\/wp-content\/uploads\/2020\/10\/toyota-first-logo-768x432.jpg 768w, https:\/\/toyotaklub.duckdns.org\/wp-content\/uploads\/2020\/10\/toyota-first-logo-1536x864.jpg 1536w, https:\/\/toyotaklub.duckdns.org\/wp-content\/uploads\/2020\/10\/toyota-first-logo-1200x675.jpg 1200w, https:\/\/toyotaklub.duckdns.org\/wp-content\/uploads\/2020\/10\/toyota-first-logo.jpg 1920w\" sizes=\"auto, (max-width: 960px) 100vw, 960px\" \/><figcaption>M\u00edsto pro va\u0161\u00ed reklamu <\/figcaption><\/figure>\n<figure>\n\t\t\t\t\t\t\t\t\t\t<img loading=\"lazy\" decoding=\"async\" width=\"960\" height=\"540\" src=\"https:\/\/toyotaklub.duckdns.org\/wp-content\/uploads\/2020\/10\/toyota-first-logo-1024x576.jpg\" alt=\"\" loading=\"lazy\" srcset=\"https:\/\/toyotaklub.duckdns.org\/wp-content\/uploads\/2020\/10\/toyota-first-logo-1024x576.jpg 1024w, https:\/\/toyotaklub.duckdns.org\/wp-content\/uploads\/2020\/10\/toyota-first-logo-300x169.jpg 300w, https:\/\/toyotaklub.duckdns.org\/wp-content\/uploads\/2020\/10\/toyota-first-logo-768x432.jpg 768w, https:\/\/toyotaklub.duckdns.org\/wp-content\/uploads\/2020\/10\/toyota-first-logo-1536x864.jpg 1536w, https:\/\/toyotaklub.duckdns.org\/wp-content\/uploads\/2020\/10\/toyota-first-logo-1200x675.jpg 1200w, https:\/\/toyotaklub.duckdns.org\/wp-content\/uploads\/2020\/10\/toyota-first-logo.jpg 1920w\" sizes=\"auto, (max-width: 960px) 100vw, 960px\" \/><figcaption>M\u00edsto pro va\u0161\u00ed reklamu <\/figcaption><\/figure>\n<figure>\n\t\t\t\t\t\t\t\t\t\t<img loading=\"lazy\" decoding=\"async\" width=\"960\" height=\"540\" src=\"https:\/\/toyotaklub.duckdns.org\/wp-content\/uploads\/2020\/10\/toyota-first-logo-1024x576.jpg\" alt=\"\" loading=\"lazy\" srcset=\"https:\/\/toyotaklub.duckdns.org\/wp-content\/uploads\/2020\/10\/toyota-first-logo-1024x576.jpg 1024w, https:\/\/toyotaklub.duckdns.org\/wp-content\/uploads\/2020\/10\/toyota-first-logo-300x169.jpg 300w, https:\/\/toyotaklub.duckdns.org\/wp-content\/uploads\/2020\/10\/toyota-first-logo-768x432.jpg 768w, https:\/\/toyotaklub.duckdns.org\/wp-content\/uploads\/2020\/10\/toyota-first-logo-1536x864.jpg 1536w, https:\/\/toyotaklub.duckdns.org\/wp-content\/uploads\/2020\/10\/toyota-first-logo-1200x675.jpg 1200w, https:\/\/toyotaklub.duckdns.org\/wp-content\/uploads\/2020\/10\/toyota-first-logo.jpg 1920w\" sizes=\"auto, (max-width: 960px) 100vw, 960px\" \/><figcaption>M\u00edsto pro va\u0161\u00ed reklamu <\/figcaption><\/figure>\n<figure>\n\t\t\t\t\t\t\t\t\t\t<img loading=\"lazy\" decoding=\"async\" width=\"960\" height=\"540\" src=\"https:\/\/toyotaklub.duckdns.org\/wp-content\/uploads\/2020\/10\/toyota-first-logo-1024x576.jpg\" alt=\"\" loading=\"lazy\" srcset=\"https:\/\/toyotaklub.duckdns.org\/wp-content\/uploads\/2020\/10\/toyota-first-logo-1024x576.jpg 1024w, https:\/\/toyotaklub.duckdns.org\/wp-content\/uploads\/2020\/10\/toyota-first-logo-300x169.jpg 300w, https:\/\/toyotaklub.duckdns.org\/wp-content\/uploads\/2020\/10\/toyota-first-logo-768x432.jpg 768w, https:\/\/toyotaklub.duckdns.org\/wp-content\/uploads\/2020\/10\/toyota-first-logo-1536x864.jpg 1536w, https:\/\/toyotaklub.duckdns.org\/wp-content\/uploads\/2020\/10\/toyota-first-logo-1200x675.jpg 1200w, https:\/\/toyotaklub.duckdns.org\/wp-content\/uploads\/2020\/10\/toyota-first-logo.jpg 1920w\" sizes=\"auto, (max-width: 960px) 100vw, 960px\" \/><figcaption>M\u00edsto pro va\u0161\u00ed reklamu <\/figcaption><\/figure>\n<figure>\n\t\t\t\t\t\t\t\t\t\t<img loading=\"lazy\" decoding=\"async\" width=\"960\" height=\"540\" src=\"https:\/\/toyotaklub.duckdns.org\/wp-content\/uploads\/2020\/10\/toyota-first-logo-1024x576.jpg\" alt=\"\" loading=\"lazy\" srcset=\"https:\/\/toyotaklub.duckdns.org\/wp-content\/uploads\/2020\/10\/toyota-first-logo-1024x576.jpg 1024w, https:\/\/toyotaklub.duckdns.org\/wp-content\/uploads\/2020\/10\/toyota-first-logo-300x169.jpg 300w, https:\/\/toyotaklub.duckdns.org\/wp-content\/uploads\/2020\/10\/toyota-first-logo-768x432.jpg 768w, https:\/\/toyotaklub.duckdns.org\/wp-content\/uploads\/2020\/10\/toyota-first-logo-1536x864.jpg 1536w, https:\/\/toyotaklub.duckdns.org\/wp-content\/uploads\/2020\/10\/toyota-first-logo-1200x675.jpg 1200w, https:\/\/toyotaklub.duckdns.org\/wp-content\/uploads\/2020\/10\/toyota-first-logo.jpg 1920w\" sizes=\"auto, (max-width: 960px) 100vw, 960px\" \/><figcaption>M\u00edsto pro va\u0161\u00ed reklamu <\/figcaption><\/figure>\n<h3>M\u00edsto pro va\u0161\u00ed reklamu <\/h3>\n","protected":false},"excerpt":{"rendered":"<p>V t\u00e9to sekci najdete doporu\u010den\u00ed na weby, kter\u00e9 pom\u00e1haj\u00ed Toyota klubu \u010cR Na\u0161i partne\u0159i Pro spolupr\u00e1ci n\u00e1s kontaktujte: toyotaklubcz@gmail.com Levn\u011bj\u0161\u00ed povinn\u00e9 ru\u010den\u00ed a havarijn\u00ed poji\u0161t\u011bn\u00ed M\u00edsto pro va\u0161\u00ed reklamu M\u00edsto pro va\u0161\u00ed reklamu M\u00edsto pro va\u0161\u00ed reklamu M\u00edsto pro va\u0161\u00ed reklamu M\u00edsto pro va\u0161\u00ed reklamu M\u00edsto pro va\u0161\u00ed reklamu<\/p>\n","protected":false},"author":1,"featured_media":0,"parent":0,"menu_order":0,"comment_status":"closed","ping_status":"closed","template":"","meta":{"footnotes":""},"class_list":["post-59","page","type-page","status-publish","hentry"],"_links":{"self":[{"href":"https:\/\/toyotaklub.duckdns.org\/index.php\/wp-json\/wp\/v2\/pages\/59","targetHints":{"allow":["GET"]}}],"collection":[{"href":"https:\/\/toyotaklub.duckdns.org\/index.php\/wp-json\/wp\/v2\/pages"}],"about":[{"href":"https:\/\/toyotaklub.duckdns.org\/index.php\/wp-json\/wp\/v2\/types\/page"}],"author":[{"embeddable":true,"href":"https:\/\/toyotaklub.duckdns.org\/index.php\/wp-json\/wp\/v2\/users\/1"}],"replies":[{"embeddable":true,"href":"https:\/\/toyotaklub.duckdns.org\/index.php\/wp-json\/wp\/v2\/comments?post=59"}],"version-history":[{"count":17,"href":"https:\/\/toyotaklub.duckdns.org\/index.php\/wp-json\/wp\/v2\/pages\/59\/revisions"}],"predecessor-version":[{"id":114,"href":"https:\/\/toyotaklub.duckdns.org\/index.php\/wp-json\/wp\/v2\/pages\/59\/revisions\/114"}],"wp:attachment":[{"href":"https:\/\/toyotaklub.duckdns.org\/index.php\/wp-json\/wp\/v2\/media?parent=59"}],"curies":[{"name":"wp","href":"https:\/\/api.w.org\/{rel}","templated":true}]}}