{"id":5,"date":"2020-10-29T21:24:33","date_gmt":"2020-10-29T20:24:33","guid":{"rendered":"https:\/\/toyotaklub.duckdns.org\/?page_id=5"},"modified":"2025-01-09T16:05:30","modified_gmt":"2025-01-09T15:05:30","slug":"testujeme-novy-server","status":"publish","type":"page","link":"https:\/\/toyotaklub.duckdns.org\/","title":{"rendered":"Diskuzn\u00ed f\u00f3rum obnoveno"},"content":{"rendered":"\n<p><strong><a href=\"https:\/\/toyotaklub.duckdns.org\/forum\/\">Obnoven\u00e9 f\u00f3rum Toyota klubu je v testovac\u00edm provozu<\/a>.<\/strong> (klikni na text) <\/p>\n","protected":false},"excerpt":{"rendered":"<p>Obnoven\u00e9 f\u00f3rum Toyota klubu je v testovac\u00edm provozu. (klikni na text)<\/p>\n","protected":false},"author":1,"featured_media":0,"parent":0,"menu_order":0,"comment_status":"closed","ping_status":"closed","template":"","meta":{"footnotes":""},"class_list":["post-5","page","type-page","status-publish","hentry"],"_links":{"self":[{"href":"https:\/\/toyotaklub.duckdns.org\/index.php\/wp-json\/wp\/v2\/pages\/5","targetHints":{"allow":["GET"]}}],"collection":[{"href":"https:\/\/toyotaklub.duckdns.org\/index.php\/wp-json\/wp\/v2\/pages"}],"about":[{"href":"https:\/\/toyotaklub.duckdns.org\/index.php\/wp-json\/wp\/v2\/types\/page"}],"author":[{"embeddable":true,"href":"https:\/\/toyotaklub.duckdns.org\/index.php\/wp-json\/wp\/v2\/users\/1"}],"replies":[{"embeddable":true,"href":"https:\/\/toyotaklub.duckdns.org\/index.php\/wp-json\/wp\/v2\/comments?post=5"}],"version-history":[{"count":4,"href":"https:\/\/toyotaklub.duckdns.org\/index.php\/wp-json\/wp\/v2\/pages\/5\/revisions"}],"predecessor-version":[{"id":31,"href":"https:\/\/toyotaklub.duckdns.org\/index.php\/wp-json\/wp\/v2\/pages\/5\/revisions\/31"}],"wp:attachment":[{"href":"https:\/\/toyotaklub.duckdns.org\/index.php\/wp-json\/wp\/v2\/media?parent=5"}],"curies":[{"name":"wp","href":"https:\/\/api.w.org\/{rel}","templated":true}]}}